{"id":5,"date":"2013-03-18T15:21:36","date_gmt":"2013-03-18T14:21:36","guid":{"rendered":"http:\/\/clubdubalen.fr\/blog\/?page_id=5"},"modified":"2013-03-18T18:36:49","modified_gmt":"2013-03-18T17:36:49","slug":"bienvenue-sur-le-blog-du-club-dubalen","status":"publish","type":"page","link":"http:\/\/clubdubalen.fr\/blog\/bienvenue-sur-le-blog-du-club-dubalen\/","title":{"rendered":"Bienvenue sur le blog du Club Dubalen"},"content":{"rendered":"<ul>\n<li><strong>Qu&rsquo;est-ce que le Club Dubalen?<\/strong><\/li>\n<\/ul>\n<p>Il s&rsquo;agit d&rsquo;un groupe de femmes et d&rsquo;hommes r\u00e9unis autour de la question du Patrimoine Historique et Arch\u00e9ologique de l&rsquo;Aquitaine, principalement de l&rsquo;Aquitaine m\u00e9ridionale. La plupart d&rsquo;entre nous est membre du tissu associatif local, parfois rattach\u00e9 \u00e0 des organismes de recherche ou membre d&rsquo;\u00e9quipes institutionnelles.<\/p>\n<p>Nous agissons de mani\u00e8re d\u00e9sint\u00e9ress\u00e9e et jamais au nom du Club. Celui-ci est principalement une plateforme de discussion et de r\u00e9flexion utilisant internet comme moyen de communication et de transfert de documents. On pourrait parler aussi de <em>think tank<\/em>, expression \u00e0 la mode. Nous nous connaissons tous, nous nous rencontrons r\u00e9guli\u00e8rement et en cela, n&rsquo;avons en aucune mani\u00e8re besoin de fonctionner en tant qu&rsquo;association loi 1901.<\/p>\n<p>Notre but est de promouvoir la recherche arch\u00e9ologique et historique r\u00e9gionale. Nous sommes attentifs \u00e0 la transmission du savoir, aux outils de m\u00e9diation, \u00e0 la protection du Patrimoine et des sites arch\u00e9ologiques et surtout, nous agissons autant que possible pour \u00e9viter approximations, d\u00e9sinformation ou r\u00e9p\u00e9titions d&rsquo;id\u00e9es re\u00e7ues. Faire partie du tissu associatif, par exemple, nous permet d&rsquo;oeuvrer dans un but p\u00e9dagogique et de nous constituer en tant que relais locaux de l&rsquo;information scientifique.<\/p>\n<ul>\n<li><strong>A quoi sert ce blog?<\/strong><\/li>\n<\/ul>\n<p>Vous tenir inform\u00e9s de publications, expositions, d\u00e9bats en lien avec la recherche arch\u00e9ologique ou historique r\u00e9gionale. Vous pourrez aussi t\u00e9l\u00e9charger divers documents (articles, photos) en rapport avec la th\u00e9matique qui nous occupe le Patrimoine ancien de la r\u00e9gion.<\/p>\n<ul>\n<li><strong>Pourquoi \u00ab\u00a0Club Dubalen\u00a0\u00bb?<\/strong><\/li>\n<\/ul>\n<p>Nous avons souhait\u00e9 rendre hommage \u00e0 Pierre-Eudoxe Dubalen, chercheur passionn\u00e9 et d\u00e9sint\u00e9ress\u00e9 dont la carri\u00e8re fut exemplaire : arch\u00e9ologue, botaniste, g\u00e9ologue, il fut aussi l&rsquo;artisan d&rsquo;un travail de m\u00e9diation patrimoniale cons\u00e9quent par la cr\u00e9ation et l&rsquo;actualisation r\u00e9guli\u00e8re d&rsquo;un mus\u00e9e qui finit par porter son nom : le Mus\u00e9e Dubalen \u00e0 Mont-de-Marsan, structure aujourd&rsquo;hui disparue. La citation en en-t\u00eate est de lui et l&rsquo;image \u00e0 gauche est un traitement graphique d&rsquo;un de ses portraits.<\/p>\n","protected":false},"excerpt":{"rendered":"<p>Qu&rsquo;est-ce que le Club Dubalen? Il s&rsquo;agit d&rsquo;un groupe de femmes et d&rsquo;hommes r\u00e9unis autour de la question du Patrimoine Historique et Arch\u00e9ologique de l&rsquo;Aquitaine, principalement de l&rsquo;Aquitaine m\u00e9ridionale. La plupart d&rsquo;entre nous est membre du tissu associatif local, parfois rattach\u00e9 \u00e0 des organismes de recherche ou membre d&rsquo;\u00e9quipes institutionnelles. Nous agissons de mani\u00e8re d\u00e9sint\u00e9ress\u00e9e <span class=\"ellipsis\">&hellip;<\/span> <span class=\"more-link-wrap\"><a href=\"http:\/\/clubdubalen.fr\/blog\/bienvenue-sur-le-blog-du-club-dubalen\/\" class=\"more-link\"><span>Read More &rarr;<\/span><\/a><\/span><\/p>\n","protected":false},"author":1,"featured_media":0,"parent":0,"menu_order":1,"comment_status":"open","ping_status":"open","template":"","meta":[],"_links":{"self":[{"href":"http:\/\/clubdubalen.fr\/blog\/wp-json\/wp\/v2\/pages\/5"}],"collection":[{"href":"http:\/\/clubdubalen.fr\/blog\/wp-json\/wp\/v2\/pages"}],"about":[{"href":"http:\/\/clubdubalen.fr\/blog\/wp-json\/wp\/v2\/types\/page"}],"author":[{"embeddable":true,"href":"http:\/\/clubdubalen.fr\/blog\/wp-json\/wp\/v2\/users\/1"}],"replies":[{"embeddable":true,"href":"http:\/\/clubdubalen.fr\/blog\/wp-json\/wp\/v2\/comments?post=5"}],"version-history":[{"count":5,"href":"http:\/\/clubdubalen.fr\/blog\/wp-json\/wp\/v2\/pages\/5\/revisions"}],"predecessor-version":[{"id":10,"href":"http:\/\/clubdubalen.fr\/blog\/wp-json\/wp\/v2\/pages\/5\/revisions\/10"}],"wp:attachment":[{"href":"http:\/\/clubdubalen.fr\/blog\/wp-json\/wp\/v2\/media?parent=5"}],"curies":[{"name":"wp","href":"https:\/\/api.w.org\/{rel}","templated":true}]}}